{"id":57337,"date":"2024-04-09T22:23:02","date_gmt":"2024-04-09T20:23:02","guid":{"rendered":"https:\/\/purpleposter.com\/?post_type=product&#038;p=57337"},"modified":"2024-04-09T22:23:22","modified_gmt":"2024-04-09T20:23:22","slug":"dual-nordic-expressions","status":"publish","type":"product","link":"https:\/\/purpleposter.com\/da\/poster\/dual-nordic-expressions\/","title":{"rendered":"Dual Nordic Expressions"},"content":{"rendered":"","protected":false},"excerpt":{"rendered":"<p>\u2018Dual Nordic Expressions\u2019 hylder den nordiske \u00e5nd, hvor geometriske m\u00f8nstre fremvises i k\u00f8lige nuancer, med to ansigter i fokus.<\/p>","protected":false},"featured_media":57362,"template":"","meta":{"jetpack_publicize_message":"","jetpack_publicize_feature_enabled":true,"jetpack_social_post_already_shared":true,"jetpack_social_options":{"image_generator_settings":{"template":"highway","default_image_id":0,"font":"","enabled":false},"version":2}},"product_brand":[],"product_cat":[822,663,788,809],"product_tag":[652],"class_list":{"0":"post-57337","1":"product","2":"type-product","3":"status-publish","4":"has-post-thumbnail","6":"product_cat-abstrakt-alle-plakater","7":"product_cat-alle-plakater","8":"product_cat-farverig-alle-plakater","9":"product_cat-portraet-alle-plakater","10":"product_tag-lyck-art","12":"first","13":"instock","14":"taxable","15":"shipping-taxable","16":"purchasable","17":"product-type-variable","18":"has-default-attributes"},"yoast_head":"<!-- This site is optimized with the Yoast SEO plugin v27.1.1 - https:\/\/yoast.com\/product\/yoast-seo-wordpress\/ -->\n<title>Dual Nordic Expressions &#8226; Poster by LYCK ART &#8226; Purpleposter.com<\/title>\n<meta name=\"description\" content=\"Dual Nordic Expressions &#8226; Purpleposter Artist Collective &#8226; Sell your artwork &#8226; Poster and artworks from independent artist\" \/>\n<meta name=\"robots\" content=\"index, follow, max-snippet:-1, max-image-preview:large, max-video-preview:-1\" \/>\n<link rel=\"canonical\" href=\"https:\/\/purpleposter.com\/da\/poster\/dual-nordic-expressions\/\" \/>\n<meta property=\"og:locale\" content=\"da_DK\" \/>\n<meta property=\"og:type\" content=\"article\" \/>\n<meta property=\"og:title\" content=\"Dual Nordic Expressions &#8226; Poster by LYCK ART &#8226; Purpleposter.com\" \/>\n<meta property=\"og:description\" content=\"Dual Nordic Expressions &#8226; Purpleposter Artist Collective &#8226; Sell your artwork &#8226; Poster and artworks from independent artist\" \/>\n<meta property=\"og:url\" content=\"https:\/\/purpleposter.com\/da\/poster\/dual-nordic-expressions\/\" \/>\n<meta property=\"og:site_name\" content=\"Kr\u00e6ss x Purpleposter Posters\" \/>\n<meta property=\"article:modified_time\" content=\"2024-04-09T20:23:22+00:00\" \/>\n<meta name=\"twitter:card\" content=\"summary_large_image\" \/>\n<script type=\"application\/ld+json\" class=\"yoast-schema-graph\">{\"@context\":\"https:\/\/schema.org\",\"@graph\":[{\"@type\":[\"WebPage\",\"ItemPage\"],\"@id\":\"https:\/\/purpleposter.com\/poster\/dual-nordic-expressions\/\",\"url\":\"https:\/\/purpleposter.com\/poster\/dual-nordic-expressions\/\",\"name\":\"Dual Nordic Expressions &#8226; Poster by LYCK ART &#8226; Purpleposter.com\",\"isPartOf\":{\"@id\":\"https:\/\/purpleposter.com\/#website\"},\"primaryImageOfPage\":{\"@id\":\"https:\/\/purpleposter.com\/poster\/dual-nordic-expressions\/#primaryimage\"},\"image\":{\"@id\":\"https:\/\/purpleposter.com\/poster\/dual-nordic-expressions\/#primaryimage\"},\"thumbnailUrl\":\"https:\/\/i0.wp.com\/purpleposter.com\/wp-content\/uploads\/2024\/04\/lyck-art-Dual-Nordic-Expressions-A-size-purpleposter-220709.jpg?fit=990%2C1400&ssl=1\",\"datePublished\":\"2024-04-09T20:23:02+00:00\",\"dateModified\":\"2024-04-09T20:23:22+00:00\",\"description\":\"Dual Nordic Expressions &#8226; Purpleposter Artist Collective &#8226; Sell your artwork &#8226; Poster and artworks from independent artist\",\"breadcrumb\":{\"@id\":\"https:\/\/purpleposter.com\/poster\/dual-nordic-expressions\/#breadcrumb\"},\"inLanguage\":\"da-DK\",\"potentialAction\":[{\"@type\":\"ReadAction\",\"target\":[\"https:\/\/purpleposter.com\/poster\/dual-nordic-expressions\/\"]}]},{\"@type\":\"ImageObject\",\"inLanguage\":\"da-DK\",\"@id\":\"https:\/\/purpleposter.com\/poster\/dual-nordic-expressions\/#primaryimage\",\"url\":\"https:\/\/i0.wp.com\/purpleposter.com\/wp-content\/uploads\/2024\/04\/lyck-art-Dual-Nordic-Expressions-A-size-purpleposter-220709.jpg?fit=990%2C1400&ssl=1\",\"contentUrl\":\"https:\/\/i0.wp.com\/purpleposter.com\/wp-content\/uploads\/2024\/04\/lyck-art-Dual-Nordic-Expressions-A-size-purpleposter-220709.jpg?fit=990%2C1400&ssl=1\",\"width\":990,\"height\":1400},{\"@type\":\"BreadcrumbList\",\"@id\":\"https:\/\/purpleposter.com\/poster\/dual-nordic-expressions\/#breadcrumb\",\"itemListElement\":[{\"@type\":\"ListItem\",\"position\":1,\"name\":\"Home\",\"item\":\"https:\/\/purpleposter.com\/\"},{\"@type\":\"ListItem\",\"position\":2,\"name\":\"Products\",\"item\":\"https:\/\/purpleposter.com\/shop\/\"},{\"@type\":\"ListItem\",\"position\":3,\"name\":\"Dual Nordic Expressions\"}]},{\"@type\":\"WebSite\",\"@id\":\"https:\/\/purpleposter.com\/#website\",\"url\":\"https:\/\/purpleposter.com\/\",\"name\":\"Kr\u00e6ss x Purpleposter Posters\",\"description\":\"\",\"publisher\":{\"@id\":\"https:\/\/purpleposter.com\/#organization\"},\"potentialAction\":[{\"@type\":\"SearchAction\",\"target\":{\"@type\":\"EntryPoint\",\"urlTemplate\":\"https:\/\/purpleposter.com\/?s={search_term_string}\"},\"query-input\":{\"@type\":\"PropertyValueSpecification\",\"valueRequired\":true,\"valueName\":\"search_term_string\"}}],\"inLanguage\":\"da-DK\"},{\"@type\":\"Organization\",\"@id\":\"https:\/\/purpleposter.com\/#organization\",\"name\":\"Purpleposter Artist Collective\",\"url\":\"https:\/\/purpleposter.com\/\",\"logo\":{\"@type\":\"ImageObject\",\"inLanguage\":\"da-DK\",\"@id\":\"https:\/\/purpleposter.com\/#\/schema\/logo\/image\/\",\"url\":\"https:\/\/i0.wp.com\/purpleposter.com\/wp-content\/uploads\/2022\/04\/kraessxpurpleposter-artist-collective-logo.png?fit=1643%2C323&ssl=1\",\"contentUrl\":\"https:\/\/i0.wp.com\/purpleposter.com\/wp-content\/uploads\/2022\/04\/kraessxpurpleposter-artist-collective-logo.png?fit=1643%2C323&ssl=1\",\"width\":1643,\"height\":323,\"caption\":\"Purpleposter Artist Collective\"},\"image\":{\"@id\":\"https:\/\/purpleposter.com\/#\/schema\/logo\/image\/\"}}]}<\/script>\n<!-- \/ Yoast SEO plugin. -->","yoast_head_json":{"title":"Dual Nordic Expressions &#8226; Poster by LYCK ART &#8226; Purpleposter.com","description":"Dual Nordic Expressions &#8226; Purpleposter Artist Collective &#8226; Sell your artwork &#8226; Poster and artworks from independent artist","robots":{"index":"index","follow":"follow","max-snippet":"max-snippet:-1","max-image-preview":"max-image-preview:large","max-video-preview":"max-video-preview:-1"},"canonical":"https:\/\/purpleposter.com\/da\/poster\/dual-nordic-expressions\/","og_locale":"da_DK","og_type":"article","og_title":"Dual Nordic Expressions &#8226; Poster by LYCK ART &#8226; Purpleposter.com","og_description":"Dual Nordic Expressions &#8226; Purpleposter Artist Collective &#8226; Sell your artwork &#8226; Poster and artworks from independent artist","og_url":"https:\/\/purpleposter.com\/da\/poster\/dual-nordic-expressions\/","og_site_name":"Kr\u00e6ss x Purpleposter Posters","article_modified_time":"2024-04-09T20:23:22+00:00","twitter_card":"summary_large_image","schema":{"@context":"https:\/\/schema.org","@graph":[{"@type":["WebPage","ItemPage"],"@id":"https:\/\/purpleposter.com\/poster\/dual-nordic-expressions\/","url":"https:\/\/purpleposter.com\/poster\/dual-nordic-expressions\/","name":"Dual Nordic Expressions &#8226; Poster by LYCK ART &#8226; Purpleposter.com","isPartOf":{"@id":"https:\/\/purpleposter.com\/#website"},"primaryImageOfPage":{"@id":"https:\/\/purpleposter.com\/poster\/dual-nordic-expressions\/#primaryimage"},"image":{"@id":"https:\/\/purpleposter.com\/poster\/dual-nordic-expressions\/#primaryimage"},"thumbnailUrl":"https:\/\/i0.wp.com\/purpleposter.com\/wp-content\/uploads\/2024\/04\/lyck-art-Dual-Nordic-Expressions-A-size-purpleposter-220709.jpg?fit=990%2C1400&ssl=1","datePublished":"2024-04-09T20:23:02+00:00","dateModified":"2024-04-09T20:23:22+00:00","description":"Dual Nordic Expressions &#8226; Purpleposter Artist Collective &#8226; Sell your artwork &#8226; Poster and artworks from independent artist","breadcrumb":{"@id":"https:\/\/purpleposter.com\/poster\/dual-nordic-expressions\/#breadcrumb"},"inLanguage":"da-DK","potentialAction":[{"@type":"ReadAction","target":["https:\/\/purpleposter.com\/poster\/dual-nordic-expressions\/"]}]},{"@type":"ImageObject","inLanguage":"da-DK","@id":"https:\/\/purpleposter.com\/poster\/dual-nordic-expressions\/#primaryimage","url":"https:\/\/i0.wp.com\/purpleposter.com\/wp-content\/uploads\/2024\/04\/lyck-art-Dual-Nordic-Expressions-A-size-purpleposter-220709.jpg?fit=990%2C1400&ssl=1","contentUrl":"https:\/\/i0.wp.com\/purpleposter.com\/wp-content\/uploads\/2024\/04\/lyck-art-Dual-Nordic-Expressions-A-size-purpleposter-220709.jpg?fit=990%2C1400&ssl=1","width":990,"height":1400},{"@type":"BreadcrumbList","@id":"https:\/\/purpleposter.com\/poster\/dual-nordic-expressions\/#breadcrumb","itemListElement":[{"@type":"ListItem","position":1,"name":"Home","item":"https:\/\/purpleposter.com\/"},{"@type":"ListItem","position":2,"name":"Products","item":"https:\/\/purpleposter.com\/shop\/"},{"@type":"ListItem","position":3,"name":"Dual Nordic Expressions"}]},{"@type":"WebSite","@id":"https:\/\/purpleposter.com\/#website","url":"https:\/\/purpleposter.com\/","name":"Kr\u00e6ss x Purpleposter Posters","description":"","publisher":{"@id":"https:\/\/purpleposter.com\/#organization"},"potentialAction":[{"@type":"SearchAction","target":{"@type":"EntryPoint","urlTemplate":"https:\/\/purpleposter.com\/?s={search_term_string}"},"query-input":{"@type":"PropertyValueSpecification","valueRequired":true,"valueName":"search_term_string"}}],"inLanguage":"da-DK"},{"@type":"Organization","@id":"https:\/\/purpleposter.com\/#organization","name":"Purpleposter Artist Collective","url":"https:\/\/purpleposter.com\/","logo":{"@type":"ImageObject","inLanguage":"da-DK","@id":"https:\/\/purpleposter.com\/#\/schema\/logo\/image\/","url":"https:\/\/i0.wp.com\/purpleposter.com\/wp-content\/uploads\/2022\/04\/kraessxpurpleposter-artist-collective-logo.png?fit=1643%2C323&ssl=1","contentUrl":"https:\/\/i0.wp.com\/purpleposter.com\/wp-content\/uploads\/2022\/04\/kraessxpurpleposter-artist-collective-logo.png?fit=1643%2C323&ssl=1","width":1643,"height":323,"caption":"Purpleposter Artist Collective"},"image":{"@id":"https:\/\/purpleposter.com\/#\/schema\/logo\/image\/"}}]}},"jetpack_publicize_connections":[],"jetpack_sharing_enabled":true,"_links":{"self":[{"href":"https:\/\/purpleposter.com\/da\/wp-json\/wp\/v2\/product\/57337","targetHints":{"allow":["GET"]}}],"collection":[{"href":"https:\/\/purpleposter.com\/da\/wp-json\/wp\/v2\/product"}],"about":[{"href":"https:\/\/purpleposter.com\/da\/wp-json\/wp\/v2\/types\/product"}],"wp:featuredmedia":[{"embeddable":true,"href":"https:\/\/purpleposter.com\/da\/wp-json\/wp\/v2\/media\/57362"}],"wp:attachment":[{"href":"https:\/\/purpleposter.com\/da\/wp-json\/wp\/v2\/media?parent=57337"}],"wp:term":[{"taxonomy":"product_brand","embeddable":true,"href":"https:\/\/purpleposter.com\/da\/wp-json\/wp\/v2\/product_brand?post=57337"},{"taxonomy":"product_cat","embeddable":true,"href":"https:\/\/purpleposter.com\/da\/wp-json\/wp\/v2\/product_cat?post=57337"},{"taxonomy":"product_tag","embeddable":true,"href":"https:\/\/purpleposter.com\/da\/wp-json\/wp\/v2\/product_tag?post=57337"}],"curies":[{"name":"wp","href":"https:\/\/api.w.org\/{rel}","templated":true}]}}