{"id":47152,"date":"2024-04-09T18:21:51","date_gmt":"2024-04-09T16:21:51","guid":{"rendered":"https:\/\/purpleposter.com\/?post_type=product&#038;p=47152"},"modified":"2024-04-09T18:22:09","modified_gmt":"2024-04-09T16:22:09","slug":"lilla-mist-stearinlys","status":"publish","type":"product","link":"https:\/\/purpleposter.com\/da\/poster\/lilla-mist-stearinlys\/","title":{"rendered":"Lilla Mist Stearinlys"},"content":{"rendered":"","protected":false},"excerpt":{"rendered":"<p><strong>H\u00e5ndlavet stearinlys af Noboobie Is Perfect.<\/strong><\/p>\n<p>Ingen h\u00e5ndlavede stearinlys er perfekte og der kan v\u00e6re sm\u00e5 fejl i overfladen.<\/p>\n<p>Stearinlyset har en standard omkreds. Det passer til de fleste lysestager.<\/p>\n<p><span style=\"font-family: -apple-system, BlinkMacSystemFont, 'Segoe UI', Roboto, Oxygen-Sans, Ubuntu, Cantarell, 'Helvetica Neue', sans-serif\"><strong>H\u00f8jde:<\/strong> 20 cm.<\/span><\/p>\n<p><strong>Diameter:<\/strong> 2,2 cm.<\/p>","protected":false},"featured_media":47202,"template":"","meta":{"jetpack_publicize_message":"","jetpack_publicize_feature_enabled":true,"jetpack_social_post_already_shared":true,"jetpack_social_options":{"image_generator_settings":{"template":"highway","default_image_id":0,"font":"","enabled":false},"version":2}},"product_brand":[],"product_cat":[715,717,722,721],"product_tag":[500],"class_list":{"0":"post-47152","1":"product","2":"type-product","3":"status-publish","4":"has-post-thumbnail","6":"product_cat-alle-designs","7":"product_cat-flere-kategorier-home","8":"product_cat-handmalede-stearinlys","9":"product_cat-lys","10":"product_tag-gefohl","12":"first","13":"instock","14":"purchasable","15":"product-type-simple"},"yoast_head":"<!-- This site is optimized with the Yoast SEO plugin v27.1.1 - https:\/\/yoast.com\/product\/yoast-seo-wordpress\/ -->\n<title>Lilla Mist Stearinlys &#8226; Poster by Gef\u00f8hl &#8226; Purpleposter.com<\/title>\n<meta name=\"description\" content=\"Lilla Mist Stearinlys &#8226; Purpleposter Artist Collective &#8226; Sell your artwork &#8226; Poster and artworks from independent artist\" \/>\n<meta name=\"robots\" content=\"index, follow, max-snippet:-1, max-image-preview:large, max-video-preview:-1\" \/>\n<link rel=\"canonical\" href=\"https:\/\/purpleposter.com\/da\/poster\/lilla-mist-stearinlys\/\" \/>\n<meta property=\"og:locale\" content=\"da_DK\" \/>\n<meta property=\"og:type\" content=\"article\" \/>\n<meta property=\"og:title\" content=\"Lilla Mist Stearinlys &#8226; Poster by Gef\u00f8hl &#8226; Purpleposter.com\" \/>\n<meta property=\"og:description\" content=\"Lilla Mist Stearinlys &#8226; Purpleposter Artist Collective &#8226; Sell your artwork &#8226; Poster and artworks from independent artist\" \/>\n<meta property=\"og:url\" content=\"https:\/\/purpleposter.com\/da\/poster\/lilla-mist-stearinlys\/\" \/>\n<meta property=\"og:site_name\" content=\"Kr\u00e6ss x Purpleposter Posters\" \/>\n<meta property=\"article:modified_time\" content=\"2024-04-09T16:22:09+00:00\" \/>\n<meta name=\"twitter:card\" content=\"summary_large_image\" \/>\n<script type=\"application\/ld+json\" class=\"yoast-schema-graph\">{\"@context\":\"https:\/\/schema.org\",\"@graph\":[{\"@type\":[\"WebPage\",\"ItemPage\"],\"@id\":\"https:\/\/purpleposter.com\/poster\/lilla-mist-stearinlys\/\",\"url\":\"https:\/\/purpleposter.com\/poster\/lilla-mist-stearinlys\/\",\"name\":\"Lilla Mist Stearinlys &#8226; Poster by Gef\u00f8hl &#8226; Purpleposter.com\",\"isPartOf\":{\"@id\":\"https:\/\/purpleposter.com\/#website\"},\"primaryImageOfPage\":{\"@id\":\"https:\/\/purpleposter.com\/poster\/lilla-mist-stearinlys\/#primaryimage\"},\"image\":{\"@id\":\"https:\/\/purpleposter.com\/poster\/lilla-mist-stearinlys\/#primaryimage\"},\"thumbnailUrl\":\"https:\/\/i0.wp.com\/purpleposter.com\/wp-content\/uploads\/2024\/04\/gefoehl-stearinlys-snore-mist-polka-lys-kraess-november-9.jpg?fit=1000%2C1000&ssl=1\",\"datePublished\":\"2024-04-09T16:21:51+00:00\",\"dateModified\":\"2024-04-09T16:22:09+00:00\",\"description\":\"Lilla Mist Stearinlys &#8226; Purpleposter Artist Collective &#8226; Sell your artwork &#8226; Poster and artworks from independent artist\",\"breadcrumb\":{\"@id\":\"https:\/\/purpleposter.com\/poster\/lilla-mist-stearinlys\/#breadcrumb\"},\"inLanguage\":\"da-DK\",\"potentialAction\":[{\"@type\":\"ReadAction\",\"target\":[\"https:\/\/purpleposter.com\/poster\/lilla-mist-stearinlys\/\"]}]},{\"@type\":\"ImageObject\",\"inLanguage\":\"da-DK\",\"@id\":\"https:\/\/purpleposter.com\/poster\/lilla-mist-stearinlys\/#primaryimage\",\"url\":\"https:\/\/i0.wp.com\/purpleposter.com\/wp-content\/uploads\/2024\/04\/gefoehl-stearinlys-snore-mist-polka-lys-kraess-november-9.jpg?fit=1000%2C1000&ssl=1\",\"contentUrl\":\"https:\/\/i0.wp.com\/purpleposter.com\/wp-content\/uploads\/2024\/04\/gefoehl-stearinlys-snore-mist-polka-lys-kraess-november-9.jpg?fit=1000%2C1000&ssl=1\",\"width\":1000,\"height\":1000},{\"@type\":\"BreadcrumbList\",\"@id\":\"https:\/\/purpleposter.com\/poster\/lilla-mist-stearinlys\/#breadcrumb\",\"itemListElement\":[{\"@type\":\"ListItem\",\"position\":1,\"name\":\"Home\",\"item\":\"https:\/\/purpleposter.com\/\"},{\"@type\":\"ListItem\",\"position\":2,\"name\":\"Products\",\"item\":\"https:\/\/purpleposter.com\/shop\/\"},{\"@type\":\"ListItem\",\"position\":3,\"name\":\"Lilla Mist Stearinlys\"}]},{\"@type\":\"WebSite\",\"@id\":\"https:\/\/purpleposter.com\/#website\",\"url\":\"https:\/\/purpleposter.com\/\",\"name\":\"Kr\u00e6ss x Purpleposter Posters\",\"description\":\"\",\"publisher\":{\"@id\":\"https:\/\/purpleposter.com\/#organization\"},\"potentialAction\":[{\"@type\":\"SearchAction\",\"target\":{\"@type\":\"EntryPoint\",\"urlTemplate\":\"https:\/\/purpleposter.com\/?s={search_term_string}\"},\"query-input\":{\"@type\":\"PropertyValueSpecification\",\"valueRequired\":true,\"valueName\":\"search_term_string\"}}],\"inLanguage\":\"da-DK\"},{\"@type\":\"Organization\",\"@id\":\"https:\/\/purpleposter.com\/#organization\",\"name\":\"Purpleposter Artist Collective\",\"url\":\"https:\/\/purpleposter.com\/\",\"logo\":{\"@type\":\"ImageObject\",\"inLanguage\":\"da-DK\",\"@id\":\"https:\/\/purpleposter.com\/#\/schema\/logo\/image\/\",\"url\":\"https:\/\/i0.wp.com\/purpleposter.com\/wp-content\/uploads\/2022\/04\/kraessxpurpleposter-artist-collective-logo.png?fit=1643%2C323&ssl=1\",\"contentUrl\":\"https:\/\/i0.wp.com\/purpleposter.com\/wp-content\/uploads\/2022\/04\/kraessxpurpleposter-artist-collective-logo.png?fit=1643%2C323&ssl=1\",\"width\":1643,\"height\":323,\"caption\":\"Purpleposter Artist Collective\"},\"image\":{\"@id\":\"https:\/\/purpleposter.com\/#\/schema\/logo\/image\/\"}}]}<\/script>\n<!-- \/ Yoast SEO plugin. -->","yoast_head_json":{"title":"Lilla Mist Stearinlys &#8226; Poster by Gef\u00f8hl &#8226; Purpleposter.com","description":"Lilla Mist Stearinlys &#8226; Purpleposter Artist Collective &#8226; Sell your artwork &#8226; Poster and artworks from independent artist","robots":{"index":"index","follow":"follow","max-snippet":"max-snippet:-1","max-image-preview":"max-image-preview:large","max-video-preview":"max-video-preview:-1"},"canonical":"https:\/\/purpleposter.com\/da\/poster\/lilla-mist-stearinlys\/","og_locale":"da_DK","og_type":"article","og_title":"Lilla Mist Stearinlys &#8226; Poster by Gef\u00f8hl &#8226; Purpleposter.com","og_description":"Lilla Mist Stearinlys &#8226; Purpleposter Artist Collective &#8226; Sell your artwork &#8226; Poster and artworks from independent artist","og_url":"https:\/\/purpleposter.com\/da\/poster\/lilla-mist-stearinlys\/","og_site_name":"Kr\u00e6ss x Purpleposter Posters","article_modified_time":"2024-04-09T16:22:09+00:00","twitter_card":"summary_large_image","schema":{"@context":"https:\/\/schema.org","@graph":[{"@type":["WebPage","ItemPage"],"@id":"https:\/\/purpleposter.com\/poster\/lilla-mist-stearinlys\/","url":"https:\/\/purpleposter.com\/poster\/lilla-mist-stearinlys\/","name":"Lilla Mist Stearinlys &#8226; Poster by Gef\u00f8hl &#8226; Purpleposter.com","isPartOf":{"@id":"https:\/\/purpleposter.com\/#website"},"primaryImageOfPage":{"@id":"https:\/\/purpleposter.com\/poster\/lilla-mist-stearinlys\/#primaryimage"},"image":{"@id":"https:\/\/purpleposter.com\/poster\/lilla-mist-stearinlys\/#primaryimage"},"thumbnailUrl":"https:\/\/i0.wp.com\/purpleposter.com\/wp-content\/uploads\/2024\/04\/gefoehl-stearinlys-snore-mist-polka-lys-kraess-november-9.jpg?fit=1000%2C1000&ssl=1","datePublished":"2024-04-09T16:21:51+00:00","dateModified":"2024-04-09T16:22:09+00:00","description":"Lilla Mist Stearinlys &#8226; Purpleposter Artist Collective &#8226; Sell your artwork &#8226; Poster and artworks from independent artist","breadcrumb":{"@id":"https:\/\/purpleposter.com\/poster\/lilla-mist-stearinlys\/#breadcrumb"},"inLanguage":"da-DK","potentialAction":[{"@type":"ReadAction","target":["https:\/\/purpleposter.com\/poster\/lilla-mist-stearinlys\/"]}]},{"@type":"ImageObject","inLanguage":"da-DK","@id":"https:\/\/purpleposter.com\/poster\/lilla-mist-stearinlys\/#primaryimage","url":"https:\/\/i0.wp.com\/purpleposter.com\/wp-content\/uploads\/2024\/04\/gefoehl-stearinlys-snore-mist-polka-lys-kraess-november-9.jpg?fit=1000%2C1000&ssl=1","contentUrl":"https:\/\/i0.wp.com\/purpleposter.com\/wp-content\/uploads\/2024\/04\/gefoehl-stearinlys-snore-mist-polka-lys-kraess-november-9.jpg?fit=1000%2C1000&ssl=1","width":1000,"height":1000},{"@type":"BreadcrumbList","@id":"https:\/\/purpleposter.com\/poster\/lilla-mist-stearinlys\/#breadcrumb","itemListElement":[{"@type":"ListItem","position":1,"name":"Home","item":"https:\/\/purpleposter.com\/"},{"@type":"ListItem","position":2,"name":"Products","item":"https:\/\/purpleposter.com\/shop\/"},{"@type":"ListItem","position":3,"name":"Lilla Mist Stearinlys"}]},{"@type":"WebSite","@id":"https:\/\/purpleposter.com\/#website","url":"https:\/\/purpleposter.com\/","name":"Kr\u00e6ss x Purpleposter Posters","description":"","publisher":{"@id":"https:\/\/purpleposter.com\/#organization"},"potentialAction":[{"@type":"SearchAction","target":{"@type":"EntryPoint","urlTemplate":"https:\/\/purpleposter.com\/?s={search_term_string}"},"query-input":{"@type":"PropertyValueSpecification","valueRequired":true,"valueName":"search_term_string"}}],"inLanguage":"da-DK"},{"@type":"Organization","@id":"https:\/\/purpleposter.com\/#organization","name":"Purpleposter Artist Collective","url":"https:\/\/purpleposter.com\/","logo":{"@type":"ImageObject","inLanguage":"da-DK","@id":"https:\/\/purpleposter.com\/#\/schema\/logo\/image\/","url":"https:\/\/i0.wp.com\/purpleposter.com\/wp-content\/uploads\/2022\/04\/kraessxpurpleposter-artist-collective-logo.png?fit=1643%2C323&ssl=1","contentUrl":"https:\/\/i0.wp.com\/purpleposter.com\/wp-content\/uploads\/2022\/04\/kraessxpurpleposter-artist-collective-logo.png?fit=1643%2C323&ssl=1","width":1643,"height":323,"caption":"Purpleposter Artist Collective"},"image":{"@id":"https:\/\/purpleposter.com\/#\/schema\/logo\/image\/"}}]}},"jetpack_publicize_connections":[],"jetpack_sharing_enabled":true,"_links":{"self":[{"href":"https:\/\/purpleposter.com\/da\/wp-json\/wp\/v2\/product\/47152","targetHints":{"allow":["GET"]}}],"collection":[{"href":"https:\/\/purpleposter.com\/da\/wp-json\/wp\/v2\/product"}],"about":[{"href":"https:\/\/purpleposter.com\/da\/wp-json\/wp\/v2\/types\/product"}],"wp:featuredmedia":[{"embeddable":true,"href":"https:\/\/purpleposter.com\/da\/wp-json\/wp\/v2\/media\/47202"}],"wp:attachment":[{"href":"https:\/\/purpleposter.com\/da\/wp-json\/wp\/v2\/media?parent=47152"}],"wp:term":[{"taxonomy":"product_brand","embeddable":true,"href":"https:\/\/purpleposter.com\/da\/wp-json\/wp\/v2\/product_brand?post=47152"},{"taxonomy":"product_cat","embeddable":true,"href":"https:\/\/purpleposter.com\/da\/wp-json\/wp\/v2\/product_cat?post=47152"},{"taxonomy":"product_tag","embeddable":true,"href":"https:\/\/purpleposter.com\/da\/wp-json\/wp\/v2\/product_tag?post=47152"}],"curies":[{"name":"wp","href":"https:\/\/api.w.org\/{rel}","templated":true}]}}