{"id":37333,"date":"2024-01-01T13:47:33","date_gmt":"2024-01-01T12:47:33","guid":{"rendered":"https:\/\/purpleposter.com\/?post_type=product&#038;p=37333"},"modified":"2024-04-09T17:45:06","modified_gmt":"2024-04-09T15:45:06","slug":"oase","status":"publish","type":"product","link":"https:\/\/purpleposter.com\/da\/poster\/oase\/","title":{"rendered":"Oase"},"content":{"rendered":"","protected":false},"excerpt":{"rendered":"<p>Digitalt tegnet artwork. Maya-Loas stil kan nok bedst beskrives som dr\u00f8mmende, farverig og ofte med et twist af realitet. Hun elsker at leve sig ind i en hvilken som helst situation hun tegner &#8211; forestille sig at leve i den verden der udfolder sig p\u00e5 sk\u00e6rmen. Hun fordyber sig ofte i sm\u00e5 detaljer der som regel tager enormt lang tid at lave, men som er med til at skabe universet. Hendes fokus er at skabe kunst som hun personligt og forh\u00e5bentligt ogs\u00e5 andre kan spejle sig i og\/eller finde ro i.<\/p>","protected":false},"featured_media":45519,"template":"","meta":{"jetpack_publicize_message":"","jetpack_publicize_feature_enabled":true,"jetpack_social_post_already_shared":true,"jetpack_social_options":{"image_generator_settings":{"template":"highway","default_image_id":0,"font":"","enabled":false},"version":2}},"product_brand":[],"product_cat":[663,783,785],"product_tag":[593],"class_list":{"0":"post-37333","1":"product","2":"type-product","3":"status-publish","4":"has-post-thumbnail","6":"product_cat-alle-plakater","7":"product_cat-natur-alle-plakater","8":"product_cat-simpel-alle-plakater","9":"product_tag-maya-loa","11":"first","12":"instock","13":"taxable","14":"shipping-taxable","15":"purchasable","16":"product-type-variable","17":"has-default-attributes"},"yoast_head":"<!-- This site is optimized with the Yoast SEO plugin v27.1.1 - https:\/\/yoast.com\/product\/yoast-seo-wordpress\/ -->\n<title>Oase &#8226; Poster by Maya-Loa &#8226; Purpleposter.com<\/title>\n<meta name=\"description\" content=\"Oase &#8226; Purpleposter Artist Collective &#8226; Sell your artwork &#8226; Poster and artworks from independent artist\" \/>\n<meta name=\"robots\" content=\"index, follow, max-snippet:-1, max-image-preview:large, max-video-preview:-1\" \/>\n<link rel=\"canonical\" href=\"https:\/\/purpleposter.com\/da\/poster\/oase\/\" \/>\n<meta property=\"og:locale\" content=\"da_DK\" \/>\n<meta property=\"og:type\" content=\"article\" \/>\n<meta property=\"og:title\" content=\"Oase &#8226; Poster by Maya-Loa &#8226; Purpleposter.com\" \/>\n<meta property=\"og:description\" content=\"Oase &#8226; Purpleposter Artist Collective &#8226; Sell your artwork &#8226; Poster and artworks from independent artist\" \/>\n<meta property=\"og:url\" content=\"https:\/\/purpleposter.com\/da\/poster\/oase\/\" \/>\n<meta property=\"og:site_name\" content=\"Kr\u00e6ss x Purpleposter Posters\" \/>\n<meta property=\"article:modified_time\" content=\"2024-04-09T15:45:06+00:00\" \/>\n<meta name=\"twitter:card\" content=\"summary_large_image\" \/>\n<script type=\"application\/ld+json\" class=\"yoast-schema-graph\">{\"@context\":\"https:\/\/schema.org\",\"@graph\":[{\"@type\":[\"WebPage\",\"ItemPage\"],\"@id\":\"https:\/\/purpleposter.com\/poster\/oase\/\",\"url\":\"https:\/\/purpleposter.com\/poster\/oase\/\",\"name\":\"Oase &#8226; Poster by Maya-Loa &#8226; Purpleposter.com\",\"isPartOf\":{\"@id\":\"https:\/\/purpleposter.com\/#website\"},\"primaryImageOfPage\":{\"@id\":\"https:\/\/purpleposter.com\/poster\/oase\/#primaryimage\"},\"image\":{\"@id\":\"https:\/\/purpleposter.com\/poster\/oase\/#primaryimage\"},\"thumbnailUrl\":\"https:\/\/i0.wp.com\/purpleposter.com\/wp-content\/uploads\/2024\/04\/maya-loa-Oase-A-size-purpleposter-230501.jpg?fit=990%2C1400&ssl=1\",\"datePublished\":\"2024-01-01T12:47:33+00:00\",\"dateModified\":\"2024-04-09T15:45:06+00:00\",\"description\":\"Oase &#8226; Purpleposter Artist Collective &#8226; Sell your artwork &#8226; Poster and artworks from independent artist\",\"breadcrumb\":{\"@id\":\"https:\/\/purpleposter.com\/poster\/oase\/#breadcrumb\"},\"inLanguage\":\"da-DK\",\"potentialAction\":[{\"@type\":\"ReadAction\",\"target\":[\"https:\/\/purpleposter.com\/poster\/oase\/\"]}]},{\"@type\":\"ImageObject\",\"inLanguage\":\"da-DK\",\"@id\":\"https:\/\/purpleposter.com\/poster\/oase\/#primaryimage\",\"url\":\"https:\/\/i0.wp.com\/purpleposter.com\/wp-content\/uploads\/2024\/04\/maya-loa-Oase-A-size-purpleposter-230501.jpg?fit=990%2C1400&ssl=1\",\"contentUrl\":\"https:\/\/i0.wp.com\/purpleposter.com\/wp-content\/uploads\/2024\/04\/maya-loa-Oase-A-size-purpleposter-230501.jpg?fit=990%2C1400&ssl=1\",\"width\":990,\"height\":1400},{\"@type\":\"BreadcrumbList\",\"@id\":\"https:\/\/purpleposter.com\/poster\/oase\/#breadcrumb\",\"itemListElement\":[{\"@type\":\"ListItem\",\"position\":1,\"name\":\"Home\",\"item\":\"https:\/\/purpleposter.com\/\"},{\"@type\":\"ListItem\",\"position\":2,\"name\":\"Products\",\"item\":\"https:\/\/purpleposter.com\/shop\/\"},{\"@type\":\"ListItem\",\"position\":3,\"name\":\"Oase\"}]},{\"@type\":\"WebSite\",\"@id\":\"https:\/\/purpleposter.com\/#website\",\"url\":\"https:\/\/purpleposter.com\/\",\"name\":\"Kr\u00e6ss x Purpleposter Posters\",\"description\":\"\",\"publisher\":{\"@id\":\"https:\/\/purpleposter.com\/#organization\"},\"potentialAction\":[{\"@type\":\"SearchAction\",\"target\":{\"@type\":\"EntryPoint\",\"urlTemplate\":\"https:\/\/purpleposter.com\/?s={search_term_string}\"},\"query-input\":{\"@type\":\"PropertyValueSpecification\",\"valueRequired\":true,\"valueName\":\"search_term_string\"}}],\"inLanguage\":\"da-DK\"},{\"@type\":\"Organization\",\"@id\":\"https:\/\/purpleposter.com\/#organization\",\"name\":\"Purpleposter Artist Collective\",\"url\":\"https:\/\/purpleposter.com\/\",\"logo\":{\"@type\":\"ImageObject\",\"inLanguage\":\"da-DK\",\"@id\":\"https:\/\/purpleposter.com\/#\/schema\/logo\/image\/\",\"url\":\"https:\/\/i0.wp.com\/purpleposter.com\/wp-content\/uploads\/2022\/04\/kraessxpurpleposter-artist-collective-logo.png?fit=1643%2C323&ssl=1\",\"contentUrl\":\"https:\/\/i0.wp.com\/purpleposter.com\/wp-content\/uploads\/2022\/04\/kraessxpurpleposter-artist-collective-logo.png?fit=1643%2C323&ssl=1\",\"width\":1643,\"height\":323,\"caption\":\"Purpleposter Artist Collective\"},\"image\":{\"@id\":\"https:\/\/purpleposter.com\/#\/schema\/logo\/image\/\"}}]}<\/script>\n<!-- \/ Yoast SEO plugin. -->","yoast_head_json":{"title":"Oase &#8226; Poster by Maya-Loa &#8226; Purpleposter.com","description":"Oase &#8226; Purpleposter Artist Collective &#8226; Sell your artwork &#8226; Poster and artworks from independent artist","robots":{"index":"index","follow":"follow","max-snippet":"max-snippet:-1","max-image-preview":"max-image-preview:large","max-video-preview":"max-video-preview:-1"},"canonical":"https:\/\/purpleposter.com\/da\/poster\/oase\/","og_locale":"da_DK","og_type":"article","og_title":"Oase &#8226; Poster by Maya-Loa &#8226; Purpleposter.com","og_description":"Oase &#8226; Purpleposter Artist Collective &#8226; Sell your artwork &#8226; Poster and artworks from independent artist","og_url":"https:\/\/purpleposter.com\/da\/poster\/oase\/","og_site_name":"Kr\u00e6ss x Purpleposter Posters","article_modified_time":"2024-04-09T15:45:06+00:00","twitter_card":"summary_large_image","schema":{"@context":"https:\/\/schema.org","@graph":[{"@type":["WebPage","ItemPage"],"@id":"https:\/\/purpleposter.com\/poster\/oase\/","url":"https:\/\/purpleposter.com\/poster\/oase\/","name":"Oase &#8226; Poster by Maya-Loa &#8226; Purpleposter.com","isPartOf":{"@id":"https:\/\/purpleposter.com\/#website"},"primaryImageOfPage":{"@id":"https:\/\/purpleposter.com\/poster\/oase\/#primaryimage"},"image":{"@id":"https:\/\/purpleposter.com\/poster\/oase\/#primaryimage"},"thumbnailUrl":"https:\/\/i0.wp.com\/purpleposter.com\/wp-content\/uploads\/2024\/04\/maya-loa-Oase-A-size-purpleposter-230501.jpg?fit=990%2C1400&ssl=1","datePublished":"2024-01-01T12:47:33+00:00","dateModified":"2024-04-09T15:45:06+00:00","description":"Oase &#8226; Purpleposter Artist Collective &#8226; Sell your artwork &#8226; Poster and artworks from independent artist","breadcrumb":{"@id":"https:\/\/purpleposter.com\/poster\/oase\/#breadcrumb"},"inLanguage":"da-DK","potentialAction":[{"@type":"ReadAction","target":["https:\/\/purpleposter.com\/poster\/oase\/"]}]},{"@type":"ImageObject","inLanguage":"da-DK","@id":"https:\/\/purpleposter.com\/poster\/oase\/#primaryimage","url":"https:\/\/i0.wp.com\/purpleposter.com\/wp-content\/uploads\/2024\/04\/maya-loa-Oase-A-size-purpleposter-230501.jpg?fit=990%2C1400&ssl=1","contentUrl":"https:\/\/i0.wp.com\/purpleposter.com\/wp-content\/uploads\/2024\/04\/maya-loa-Oase-A-size-purpleposter-230501.jpg?fit=990%2C1400&ssl=1","width":990,"height":1400},{"@type":"BreadcrumbList","@id":"https:\/\/purpleposter.com\/poster\/oase\/#breadcrumb","itemListElement":[{"@type":"ListItem","position":1,"name":"Home","item":"https:\/\/purpleposter.com\/"},{"@type":"ListItem","position":2,"name":"Products","item":"https:\/\/purpleposter.com\/shop\/"},{"@type":"ListItem","position":3,"name":"Oase"}]},{"@type":"WebSite","@id":"https:\/\/purpleposter.com\/#website","url":"https:\/\/purpleposter.com\/","name":"Kr\u00e6ss x Purpleposter Posters","description":"","publisher":{"@id":"https:\/\/purpleposter.com\/#organization"},"potentialAction":[{"@type":"SearchAction","target":{"@type":"EntryPoint","urlTemplate":"https:\/\/purpleposter.com\/?s={search_term_string}"},"query-input":{"@type":"PropertyValueSpecification","valueRequired":true,"valueName":"search_term_string"}}],"inLanguage":"da-DK"},{"@type":"Organization","@id":"https:\/\/purpleposter.com\/#organization","name":"Purpleposter Artist Collective","url":"https:\/\/purpleposter.com\/","logo":{"@type":"ImageObject","inLanguage":"da-DK","@id":"https:\/\/purpleposter.com\/#\/schema\/logo\/image\/","url":"https:\/\/i0.wp.com\/purpleposter.com\/wp-content\/uploads\/2022\/04\/kraessxpurpleposter-artist-collective-logo.png?fit=1643%2C323&ssl=1","contentUrl":"https:\/\/i0.wp.com\/purpleposter.com\/wp-content\/uploads\/2022\/04\/kraessxpurpleposter-artist-collective-logo.png?fit=1643%2C323&ssl=1","width":1643,"height":323,"caption":"Purpleposter Artist Collective"},"image":{"@id":"https:\/\/purpleposter.com\/#\/schema\/logo\/image\/"}}]}},"jetpack_publicize_connections":[],"jetpack_sharing_enabled":true,"_links":{"self":[{"href":"https:\/\/purpleposter.com\/da\/wp-json\/wp\/v2\/product\/37333","targetHints":{"allow":["GET"]}}],"collection":[{"href":"https:\/\/purpleposter.com\/da\/wp-json\/wp\/v2\/product"}],"about":[{"href":"https:\/\/purpleposter.com\/da\/wp-json\/wp\/v2\/types\/product"}],"wp:featuredmedia":[{"embeddable":true,"href":"https:\/\/purpleposter.com\/da\/wp-json\/wp\/v2\/media\/45519"}],"wp:attachment":[{"href":"https:\/\/purpleposter.com\/da\/wp-json\/wp\/v2\/media?parent=37333"}],"wp:term":[{"taxonomy":"product_brand","embeddable":true,"href":"https:\/\/purpleposter.com\/da\/wp-json\/wp\/v2\/product_brand?post=37333"},{"taxonomy":"product_cat","embeddable":true,"href":"https:\/\/purpleposter.com\/da\/wp-json\/wp\/v2\/product_cat?post=37333"},{"taxonomy":"product_tag","embeddable":true,"href":"https:\/\/purpleposter.com\/da\/wp-json\/wp\/v2\/product_tag?post=37333"}],"curies":[{"name":"wp","href":"https:\/\/api.w.org\/{rel}","templated":true}]}}